{"id":68,"date":"2024-07-05T09:18:48","date_gmt":"2024-07-05T07:18:48","guid":{"rendered":"https:\/\/www.urbadep.com\/tienda\/?post_type=product&#038;p=68"},"modified":"2025-06-17T12:28:08","modified_gmt":"2025-06-17T10:28:08","slug":"comprar-torre-tomy-con-paneles-ludicos","status":"publish","type":"product","link":"https:\/\/www.urbadep.com\/tienda\/producto\/comprar-torre-tomy-con-paneles-ludicos\/","title":{"rendered":"Torre Tomy con paneles l\u00fadicos"},"content":{"rendered":"<p>Torre Tomy con tobog\u00e1n y paneles l\u00fadicos para parques infantiles de exterior para los ni\u00f1os m\u00e1s peque\u00f1os de 1 a 5 a\u00f1os.<\/p>\n<p>La Torre Tomy es el refugio preferido de los ni\u00f1os ya que les incita a desarrollar su imaginaci\u00f3n y a comunicarse con los dem\u00e1s. Se accede a la torre mediante una escalera con pelda\u00f1os y los ni\u00f1os se podr\u00e1n deslizar por el tobog\u00e1n.<\/p>\n<p>La Torre Tomy para parques infantiles esta compuesta por \u00a0plataforma que se accede por medio de una escalera de f\u00e1cil acceso, una vez en la plataforma los ni\u00f1os pueden disfrutar de dos paneles l\u00fadicos y\u00a0 \u00a0 dispone de salida con tobog\u00e1n. Torre con tobog\u00e1n muy completa donde los m\u00e1s peque\u00f1os podr\u00e1n dar rienda suelta a su imaginaci\u00f3n, de uso f\u00e1cil y seguro.<\/p>\n<p>Torre con tobog\u00e1n infantil indicada para uso en exterior con un dise\u00f1o confortable, colorido pero muy resistente y seguro, resistente al uso continuado y las inclemencias meteorol\u00f3gicas. Puede fabricarse tambi\u00e9n con postes de material ecol\u00f3gico reciclado y reciclable que no requiere mantenimiento.<\/p>\n<h3>Caracter\u00edsticas:<\/h3>\n<p>Madera de pino laminada tratada en autoclave clasificado para la garant\u00eda de calidad continua del control interno. Acabado final con tinta a base de agua especialmente dise\u00f1ado para proteger la madera contra la humedad, la intemperie y los rayos UV.<\/p>\n<p>Paneles fabricados en polietileno de alta densidad, monocolor o bicolor. Resistente a productos qu\u00edmicos y corrosi\u00f3n. Alta resistencia al impacto y es muy dif\u00edcil de romper. La superficie antideslizante proporciona seguridad para los ni\u00f1os y su base sint\u00e9tica impide el cultivo de bacterias y hongos. No requiere mantenimiento.<\/p>\n<p>Plataformas en madera contrachapada fen\u00f3lica tratada \/ Polietileno de alta densidad<\/p>\n<p>Superficie de deslizamiento en polietileno de alta densidad.<\/p>\n<p>Sistemas de fijaci\u00f3n fabricados en acero galvanizado en caliente.<\/p>\n<p>Torniller\u00eda en acero galvanizado, opcional acero inoxidable.<\/p>\n<p>Capsulas en pl\u00e1stico de polipropileno.<\/p>\n<p><strong>100 % Reciclable.<\/strong><\/p>\n<p><a href=\"https:\/\/www.urbadep.com\/tienda\/wp-content\/uploads\/2024\/07\/TORRE-TOMY-CON-PANELES-LUDICOS-TOM1-002.pdf\">Especificaciones T\u00e9cnicas<\/a><\/p>\n","protected":false},"excerpt":{"rendered":"<p>Torre Tomy con tobog\u00e1n y paneles l\u00fadicos para parques infantiles de exterior para los ni\u00f1os m\u00e1s peque\u00f1os de 1 a 5 a\u00f1os.<\/p>\n<p>Elemento hasta fin de stock.<\/p>\n","protected":false},"featured_media":60,"template":"","meta":{"site-sidebar-layout":"default","site-content-layout":"","ast-site-content-layout":"default","site-content-style":"default","site-sidebar-style":"default","ast-global-header-display":"","ast-banner-title-visibility":"","ast-main-header-display":"","ast-hfb-above-header-display":"","ast-hfb-below-header-display":"","ast-hfb-mobile-header-display":"","site-post-title":"","ast-breadcrumbs-content":"","ast-featured-img":"","footer-sml-layout":"","theme-transparent-header-meta":"default","adv-header-id-meta":"","stick-header-meta":"","header-above-stick-meta":"","header-main-stick-meta":"","header-below-stick-meta":"","astra-migrate-meta-layouts":"set","ast-page-background-enabled":"default","ast-page-background-meta":{"desktop":{"background-color":"var(--ast-global-color-4)","background-image":"","background-repeat":"repeat","background-position":"center center","background-size":"auto","background-attachment":"scroll","background-type":"","background-media":"","overlay-type":"","overlay-color":"","overlay-opacity":"","overlay-gradient":""},"tablet":{"background-color":"","background-image":"","background-repeat":"repeat","background-position":"center center","background-size":"auto","background-attachment":"scroll","background-type":"","background-media":"","overlay-type":"","overlay-color":"","overlay-opacity":"","overlay-gradient":""},"mobile":{"background-color":"","background-image":"","background-repeat":"repeat","background-position":"center center","background-size":"auto","background-attachment":"scroll","background-type":"","background-media":"","overlay-type":"","overlay-color":"","overlay-opacity":"","overlay-gradient":""}},"ast-content-background-meta":{"desktop":{"background-color":"var(--ast-global-color-5)","background-image":"","background-repeat":"repeat","background-position":"center center","background-size":"auto","background-attachment":"scroll","background-type":"","background-media":"","overlay-type":"","overlay-color":"","overlay-opacity":"","overlay-gradient":""},"tablet":{"background-color":"var(--ast-global-color-5)","background-image":"","background-repeat":"repeat","background-position":"center center","background-size":"auto","background-attachment":"scroll","background-type":"","background-media":"","overlay-type":"","overlay-color":"","overlay-opacity":"","overlay-gradient":""},"mobile":{"background-color":"var(--ast-global-color-5)","background-image":"","background-repeat":"repeat","background-position":"center center","background-size":"auto","background-attachment":"scroll","background-type":"","background-media":"","overlay-type":"","overlay-color":"","overlay-opacity":"","overlay-gradient":""}}},"product_brand":[],"product_cat":[19],"product_tag":[],"class_list":{"0":"post-68","1":"product","2":"type-product","3":"status-publish","4":"has-post-thumbnail","6":"product_cat-torres","7":"desktop-align-left","8":"tablet-align-left","9":"mobile-align-left","11":"first","12":"instock","13":"taxable","14":"shipping-taxable","15":"purchasable","16":"product-type-simple"},"_links":{"self":[{"href":"https:\/\/www.urbadep.com\/tienda\/wp-json\/wp\/v2\/product\/68","targetHints":{"allow":["GET"]}}],"collection":[{"href":"https:\/\/www.urbadep.com\/tienda\/wp-json\/wp\/v2\/product"}],"about":[{"href":"https:\/\/www.urbadep.com\/tienda\/wp-json\/wp\/v2\/types\/product"}],"wp:featuredmedia":[{"embeddable":true,"href":"https:\/\/www.urbadep.com\/tienda\/wp-json\/wp\/v2\/media\/60"}],"wp:attachment":[{"href":"https:\/\/www.urbadep.com\/tienda\/wp-json\/wp\/v2\/media?parent=68"}],"wp:term":[{"taxonomy":"product_brand","embeddable":true,"href":"https:\/\/www.urbadep.com\/tienda\/wp-json\/wp\/v2\/product_brand?post=68"},{"taxonomy":"product_cat","embeddable":true,"href":"https:\/\/www.urbadep.com\/tienda\/wp-json\/wp\/v2\/product_cat?post=68"},{"taxonomy":"product_tag","embeddable":true,"href":"https:\/\/www.urbadep.com\/tienda\/wp-json\/wp\/v2\/product_tag?post=68"}],"curies":[{"name":"wp","href":"https:\/\/api.w.org\/{rel}","templated":true}]}}