{"id":66,"date":"2024-07-05T09:15:25","date_gmt":"2024-07-05T07:15:25","guid":{"rendered":"https:\/\/www.urbadep.com\/tienda\/?post_type=product&#038;p=66"},"modified":"2026-02-03T13:46:04","modified_gmt":"2026-02-03T12:46:04","slug":"comprar-balancin-muelle-pez","status":"publish","type":"product","link":"https:\/\/www.urbadep.com\/tienda\/producto\/comprar-balancin-muelle-pez\/","title":{"rendered":"Balanc\u00edn Muelle Dino"},"content":{"rendered":"<p>El\u00a0<strong>Muelle Dino<\/strong>\u00a0es un original\u00a0<strong>juego de muelle infantil<\/strong> inspirado en los dinosaurios. Perfecto para parques infantiles de exterior, su dise\u00f1o robusto y divertido hace que los ni\u00f1os se sientan peque\u00f1os exploradores mientras mejoran su\u00a0<strong>equilibrio y coordinaci\u00f3n<\/strong>.<\/p>\n<p><strong>Diversi\u00f3n segura y sin l\u00edmites:<\/strong><br \/>\nLos ni\u00f1os pueden balancearse suavemente hacia delante y hacia atr\u00e1s, disfrutando de una experiencia divertida y controlada.<br \/>\nEl asiento anat\u00f3mico, los mangos seguros y el muelle reforzado garantizan estabilidad y durabilidad durante a\u00f1os.<\/p>\n<p><strong>Resistente al paso del tiempo:<\/strong><br \/>\nFabricado con materiales de alta calidad, el Muelle Dino soporta las inclemencias del tiempo y el uso diario sin deteriorarse. Ideal para\u00a0<strong>parques p\u00fablicos, colegios, hoteles y campings<\/strong>.<\/p>\n<hr \/>\n<p><strong>Materiales y acabados<\/strong><\/p>\n<p><strong>Paneles de polietileno rotomoldeado o HDPE<\/strong>, resistentes a impactos, UV y qu\u00edmicos.<\/p>\n<p><strong>Muelle de acero galvanizado<\/strong>\u00a0anticorrosi\u00f3n.<\/p>\n<p><strong>Asiento ergon\u00f3mico y antideslizante<\/strong>.<\/p>\n<p><strong>Torniller\u00eda inoxidable<\/strong>\u00a0con\u00a0<strong>protecciones de polipropileno<\/strong>.<\/p>\n<hr \/>\n<p><strong>Homologado para parques infantiles de uso p\u00fablico<\/strong><br \/>\n<strong>Duradero, seguro y de dise\u00f1o tem\u00e1tico<\/strong><br \/>\n<strong>Estimula el equilibrio, la coordinaci\u00f3n y la imaginaci\u00f3n<\/strong><\/p>\n<p><a href=\"https:\/\/www.urbadep.com\/wp-content\/uploads\/2025\/10\/MUELLE-DINO-BMDU-009.pdf?_gl=1*17xcet1*_up*MQ..*_gs*MQ..*_ga*MjA5MDg2NzQ1NC4xNzcwMTIwNjM5*_ga_TJ3CW4KXMV*czE3NzAxMjA2MzgkbzEkZzEkdDE3NzAxMjA4ODYkajU4JGwwJGgw&amp;gclid=CjwKCAiA1obMBhAbEiwAsUBbInw6WebIogk3eQT52xkZe0qJfk7o4n3DXVXgqJ5cqpFp9Mfuk9dzfRoC9SkQAvD_BwE&amp;gbraid=0AAAAAD-yzgarrwPj2AZzCOi8QWfQmclID\">Especificaciones T\u00e9cnicas<\/a><\/p>\n","protected":false},"excerpt":{"rendered":"<p>El\u00a0<strong>Muelle Dino<\/strong>\u00a0es un original\u00a0<strong>juego de muelle infantil<\/strong> inspirado en los dinosaurios. Perfecto para parques infantiles de exterior, su dise\u00f1o robusto y divertido hace que los ni\u00f1os se sientan peque\u00f1os exploradores mientras mejoran su\u00a0<strong>equilibrio y coordinaci\u00f3n<\/strong>.<\/p>\n<p>Elemento hasta fin de stock.<\/p>\n","protected":false},"featured_media":450,"template":"","meta":{"site-sidebar-layout":"default","site-content-layout":"","ast-site-content-layout":"default","site-content-style":"default","site-sidebar-style":"default","ast-global-header-display":"","ast-banner-title-visibility":"","ast-main-header-display":"","ast-hfb-above-header-display":"","ast-hfb-below-header-display":"","ast-hfb-mobile-header-display":"","site-post-title":"","ast-breadcrumbs-content":"","ast-featured-img":"","footer-sml-layout":"","theme-transparent-header-meta":"default","adv-header-id-meta":"","stick-header-meta":"","header-above-stick-meta":"","header-main-stick-meta":"","header-below-stick-meta":"","astra-migrate-meta-layouts":"set","ast-page-background-enabled":"default","ast-page-background-meta":{"desktop":{"background-color":"var(--ast-global-color-4)","background-image":"","background-repeat":"repeat","background-position":"center center","background-size":"auto","background-attachment":"scroll","background-type":"","background-media":"","overlay-type":"","overlay-color":"","overlay-opacity":"","overlay-gradient":""},"tablet":{"background-color":"","background-image":"","background-repeat":"repeat","background-position":"center center","background-size":"auto","background-attachment":"scroll","background-type":"","background-media":"","overlay-type":"","overlay-color":"","overlay-opacity":"","overlay-gradient":""},"mobile":{"background-color":"","background-image":"","background-repeat":"repeat","background-position":"center center","background-size":"auto","background-attachment":"scroll","background-type":"","background-media":"","overlay-type":"","overlay-color":"","overlay-opacity":"","overlay-gradient":""}},"ast-content-background-meta":{"desktop":{"background-color":"var(--ast-global-color-5)","background-image":"","background-repeat":"repeat","background-position":"center center","background-size":"auto","background-attachment":"scroll","background-type":"","background-media":"","overlay-type":"","overlay-color":"","overlay-opacity":"","overlay-gradient":""},"tablet":{"background-color":"var(--ast-global-color-5)","background-image":"","background-repeat":"repeat","background-position":"center center","background-size":"auto","background-attachment":"scroll","background-type":"","background-media":"","overlay-type":"","overlay-color":"","overlay-opacity":"","overlay-gradient":""},"mobile":{"background-color":"var(--ast-global-color-5)","background-image":"","background-repeat":"repeat","background-position":"center center","background-size":"auto","background-attachment":"scroll","background-type":"","background-media":"","overlay-type":"","overlay-color":"","overlay-opacity":"","overlay-gradient":""}}},"product_brand":[],"product_cat":[20],"product_tag":[],"class_list":{"0":"post-66","1":"product","2":"type-product","3":"status-publish","4":"has-post-thumbnail","6":"product_cat-balancines","7":"desktop-align-left","8":"tablet-align-left","9":"mobile-align-left","11":"first","12":"instock","13":"taxable","14":"shipping-taxable","15":"purchasable","16":"product-type-simple"},"_links":{"self":[{"href":"https:\/\/www.urbadep.com\/tienda\/wp-json\/wp\/v2\/product\/66","targetHints":{"allow":["GET"]}}],"collection":[{"href":"https:\/\/www.urbadep.com\/tienda\/wp-json\/wp\/v2\/product"}],"about":[{"href":"https:\/\/www.urbadep.com\/tienda\/wp-json\/wp\/v2\/types\/product"}],"wp:featuredmedia":[{"embeddable":true,"href":"https:\/\/www.urbadep.com\/tienda\/wp-json\/wp\/v2\/media\/450"}],"wp:attachment":[{"href":"https:\/\/www.urbadep.com\/tienda\/wp-json\/wp\/v2\/media?parent=66"}],"wp:term":[{"taxonomy":"product_brand","embeddable":true,"href":"https:\/\/www.urbadep.com\/tienda\/wp-json\/wp\/v2\/product_brand?post=66"},{"taxonomy":"product_cat","embeddable":true,"href":"https:\/\/www.urbadep.com\/tienda\/wp-json\/wp\/v2\/product_cat?post=66"},{"taxonomy":"product_tag","embeddable":true,"href":"https:\/\/www.urbadep.com\/tienda\/wp-json\/wp\/v2\/product_tag?post=66"}],"curies":[{"name":"wp","href":"https:\/\/api.w.org\/{rel}","templated":true}]}}