{"id":62,"date":"2024-07-05T09:11:14","date_gmt":"2024-07-05T07:11:14","guid":{"rendered":"https:\/\/www.urbadep.com\/tienda\/?post_type=product&#038;p=62"},"modified":"2025-06-17T12:27:22","modified_gmt":"2025-06-17T10:27:22","slug":"comprar-columpio-doble","status":"publish","type":"product","link":"https:\/\/www.urbadep.com\/tienda\/producto\/comprar-columpio-doble\/","title":{"rendered":"Columpio Doble"},"content":{"rendered":"<p>Columpio doble para parques infantiles con \u00a0asientos planos es uno de los juegos que m\u00e1s demandados\u00a0en los parques infantiles. Columpio homologado para uso p\u00fablico y comercial, adecuado para colegios, guarder\u00edas, hoteles, comunidades de vecinos, parques infantiles p\u00fablicos, camping.<\/p>\n<p>El Columpio doble para parques infantiles de exterior de dos asientos planos es muy seguro y resistente. Esto es debido a los materiales de primera calidad que utilizamos en su fabricaci\u00f3n.<\/p>\n<p>Este modelo de columpio doble incluye, de acuerdo a la normativa de seguridad vigente, dos asientos planos de caucho, que garantizan la amortiguaci\u00f3n en caso de impacto. Tambi\u00e9n se puede entregar con asientos cuna para beb\u00e9.<\/p>\n<p>El columpio doble para parques infantiles, que se adapta a cualquier zona de juego exterior, est\u00e1 indicado para ni\u00f1os a partir de tres a\u00f1os. Un juego infantil que estimula el equilibrio, la socializaci\u00f3n e imaginaci\u00f3n de los m\u00e1s peque\u00f1os.<\/p>\n<p>Los columpios para parques infantiles ofrecen unos beneficios sorprendentes a los ni\u00f1os.<\/p>\n<p>&nbsp;<\/p>\n<p><strong>Caracter\u00edsticas T\u00e9cnicas:<\/strong><\/p>\n<p>Madera de pino laminada tratada en autoclave clasificado para la garant\u00eda de calidad continua del control interno. Acabado final con tinta a base de agua especialmente dise\u00f1ado para proteger la madera contra la humedad, la intemperie y los rayos UV.<\/p>\n<p>Paneles fabricados en polietileno de alta densidad, monocolor o bicolor. Resistente a productos qu\u00edmicos y corrosi\u00f3n. Alta resistencia al impacto y es muy dif\u00edcil de romper. La superficie antideslizante proporciona seguridad para los ni\u00f1os y su base sint\u00e9tica impide el cultivo de bacterias y hongos. No requiere mantenimiento.<\/p>\n<p>Sillas y asientos en caucho EPDM inyectado con refuerzo de aluminio en el interior. Las cadenas son de 5 mm de di\u00e1metro y galvanizadas en caliente.<\/p>\n<p>Tubos fabricados en acero galvanizado en caliente seg\u00fan normativa EN ISO 1461.<\/p>\n<p>Torniller\u00eda en acero galvanizado, opcional acero inoxidable.<\/p>\n<p>Pl\u00e1stico de polipropileno.<\/p>\n<p><strong>100 % Reciclable.<\/strong><\/p>\n<p><a href=\"https:\/\/www.urbadep.com\/tienda\/wp-content\/uploads\/2024\/07\/COLUMPIO-DOBLE-COL-001.pdf\">Especificaciones T\u00e9cnicas<\/a><\/p>\n","protected":false},"excerpt":{"rendered":"<p>Columpio doble para parques infantiles con \u00a0asientos planos es uno de los juegos que m\u00e1s demandados\u00a0en los parques infantiles. Columpio homologado para uso p\u00fablico y comercial, adecuado para colegios, guarder\u00edas, hoteles, comunidades de vecinos, parques infantiles p\u00fablicos, camping.<\/p>\n<p>Elemento hasta fin de stock.<\/p>\n","protected":false},"featured_media":53,"template":"","meta":{"site-sidebar-layout":"default","site-content-layout":"","ast-site-content-layout":"default","site-content-style":"default","site-sidebar-style":"default","ast-global-header-display":"","ast-banner-title-visibility":"","ast-main-header-display":"","ast-hfb-above-header-display":"","ast-hfb-below-header-display":"","ast-hfb-mobile-header-display":"","site-post-title":"","ast-breadcrumbs-content":"","ast-featured-img":"","footer-sml-layout":"","theme-transparent-header-meta":"default","adv-header-id-meta":"","stick-header-meta":"","header-above-stick-meta":"","header-main-stick-meta":"","header-below-stick-meta":"","astra-migrate-meta-layouts":"set","ast-page-background-enabled":"default","ast-page-background-meta":{"desktop":{"background-color":"var(--ast-global-color-4)","background-image":"","background-repeat":"repeat","background-position":"center center","background-size":"auto","background-attachment":"scroll","background-type":"","background-media":"","overlay-type":"","overlay-color":"","overlay-opacity":"","overlay-gradient":""},"tablet":{"background-color":"","background-image":"","background-repeat":"repeat","background-position":"center center","background-size":"auto","background-attachment":"scroll","background-type":"","background-media":"","overlay-type":"","overlay-color":"","overlay-opacity":"","overlay-gradient":""},"mobile":{"background-color":"","background-image":"","background-repeat":"repeat","background-position":"center center","background-size":"auto","background-attachment":"scroll","background-type":"","background-media":"","overlay-type":"","overlay-color":"","overlay-opacity":"","overlay-gradient":""}},"ast-content-background-meta":{"desktop":{"background-color":"var(--ast-global-color-5)","background-image":"","background-repeat":"repeat","background-position":"center center","background-size":"auto","background-attachment":"scroll","background-type":"","background-media":"","overlay-type":"","overlay-color":"","overlay-opacity":"","overlay-gradient":""},"tablet":{"background-color":"var(--ast-global-color-5)","background-image":"","background-repeat":"repeat","background-position":"center center","background-size":"auto","background-attachment":"scroll","background-type":"","background-media":"","overlay-type":"","overlay-color":"","overlay-opacity":"","overlay-gradient":""},"mobile":{"background-color":"var(--ast-global-color-5)","background-image":"","background-repeat":"repeat","background-position":"center center","background-size":"auto","background-attachment":"scroll","background-type":"","background-media":"","overlay-type":"","overlay-color":"","overlay-opacity":"","overlay-gradient":""}}},"product_brand":[],"product_cat":[21],"product_tag":[],"class_list":{"0":"post-62","1":"product","2":"type-product","3":"status-publish","4":"has-post-thumbnail","6":"product_cat-columpios","7":"desktop-align-left","8":"tablet-align-left","9":"mobile-align-left","11":"first","12":"instock","13":"taxable","14":"shipping-taxable","15":"purchasable","16":"product-type-simple"},"_links":{"self":[{"href":"https:\/\/www.urbadep.com\/tienda\/wp-json\/wp\/v2\/product\/62","targetHints":{"allow":["GET"]}}],"collection":[{"href":"https:\/\/www.urbadep.com\/tienda\/wp-json\/wp\/v2\/product"}],"about":[{"href":"https:\/\/www.urbadep.com\/tienda\/wp-json\/wp\/v2\/types\/product"}],"wp:featuredmedia":[{"embeddable":true,"href":"https:\/\/www.urbadep.com\/tienda\/wp-json\/wp\/v2\/media\/53"}],"wp:attachment":[{"href":"https:\/\/www.urbadep.com\/tienda\/wp-json\/wp\/v2\/media?parent=62"}],"wp:term":[{"taxonomy":"product_brand","embeddable":true,"href":"https:\/\/www.urbadep.com\/tienda\/wp-json\/wp\/v2\/product_brand?post=62"},{"taxonomy":"product_cat","embeddable":true,"href":"https:\/\/www.urbadep.com\/tienda\/wp-json\/wp\/v2\/product_cat?post=62"},{"taxonomy":"product_tag","embeddable":true,"href":"https:\/\/www.urbadep.com\/tienda\/wp-json\/wp\/v2\/product_tag?post=62"}],"curies":[{"name":"wp","href":"https:\/\/api.w.org\/{rel}","templated":true}]}}