{"id":455,"date":"2026-02-03T12:57:51","date_gmt":"2026-02-03T11:57:51","guid":{"rendered":"https:\/\/www.urbadep.com\/tienda\/?post_type=product&#038;p=455"},"modified":"2026-02-03T13:35:05","modified_gmt":"2026-02-03T12:35:05","slug":"balancin-muelle-doggy","status":"publish","type":"product","link":"https:\/\/www.urbadep.com\/tienda\/producto\/balancin-muelle-doggy\/","title":{"rendered":"Balanc\u00edn muelle Doggy"},"content":{"rendered":"<p><strong>Diversi\u00f3n y movimiento seguro para los m\u00e1s peque\u00f1os (3 a 12 a\u00f1os)<\/strong><\/p>\n<p>El\u00a0<strong>Muelle Doggy<\/strong>\u00a0es un encantador\u00a0<strong>juego de muelle para parques infantiles de exterior<\/strong>, dise\u00f1ado con forma de simp\u00e1tico perrito que invita a los ni\u00f1os a\u00a0<strong>imaginar, re\u00edr y disfrutar del movimiento<\/strong><br \/>\nSu divertido y colorido dise\u00f1o hace que sea uno de los juegos preferidos de los m\u00e1s peque\u00f1os, promoviendo el\u00a0<strong>equilibrio, la coordinaci\u00f3n y la confianza<\/strong>\u00a0desde edades tempranas.<\/p>\n<p><strong>Diversi\u00f3n asegurada:<\/strong><br \/>\nLos ni\u00f1os pueden balancearse suavemente hacia delante y hacia atr\u00e1s mientras desarrollan su motricidad de forma segura y divertida.<br \/>\nEl\u00a0<strong>asiento anat\u00f3mico<\/strong>\u00a0y los\u00a0<strong>mangos de f\u00e1cil agarre<\/strong>\u00a0ofrecen estabilidad total durante el juego, mientras que el muelle garantiza una oscilaci\u00f3n firme y controlada.<\/p>\n<p><strong>Dise\u00f1ado para resistirlo todo:<\/strong><br \/>\nEl Muelle Doggy est\u00e1 fabricado con materiales de alta calidad, resistentes al uso intensivo y a las inclemencias del tiempo. Perfecto para parques p\u00fablicos, colegios, guarder\u00edas, hoteles o zonas residenciales.<\/p>\n<hr \/>\n<p><strong>Materiales y acabados de alta calidad<\/strong><\/p>\n<ul>\n<li><strong>Paneles de polietileno rotomoldeado<\/strong>, resistentes a impactos, rayos UV y productos qu\u00edmicos.<\/li>\n<li><strong>Muelle de acero <\/strong>dise\u00f1ado para soportar un uso continuado.<\/li>\n<li><strong>Asiento antideslizante<\/strong>, c\u00f3modo y seguro.<\/li>\n<li><strong>Torniller\u00eda en acero inoxidable<\/strong>\u00a0y\u00a0<strong>tapas de seguridad<\/strong>.<\/li>\n<\/ul>\n<hr \/>\n<ul>\n<li><strong>Homologado para parques infantiles de uso p\u00fablico<\/strong><\/li>\n<li><strong>Seguro, colorido y duradero<\/strong><\/li>\n<li><strong>Ideal para fomentar el equilibrio, la coordinaci\u00f3n y la diversi\u00f3n<\/strong><\/li>\n<\/ul>\n<p><a href=\"https:\/\/www.urbadep.com\/wp-content\/uploads\/2025\/10\/MUELLE-DOGGY-BMDU-010.pdf?_gl=1*1xcbbmb*_up*MQ..*_ga*MjMwMzE0OTM4LjE3NzAxMjE5OTg.*_ga_TJ3CW4KXMV*czE3NzAxMjE5OTgkbzEkZzEkdDE3NzAxMjIwMTAkajQ4JGwwJGgw\">Especificaciones T\u00e9cnicas<\/a><\/p>\n","protected":false},"excerpt":{"rendered":"<p>El\u00a0<strong>Muelle Doggy<\/strong>\u00a0es un encantador\u00a0<strong>juego de muelle para parques infantiles de exterior<\/strong>, dise\u00f1ado con forma de simp\u00e1tico perrito que invita a los ni\u00f1os a\u00a0<strong>imaginar, re\u00edr y disfrutar del movimiento. <\/strong>Su divertido y colorido dise\u00f1o hace que sea uno de los juegos preferidos de los m\u00e1s peque\u00f1os, promoviendo el\u00a0<strong>equilibrio, la coordinaci\u00f3n y la confianza<\/strong>\u00a0desde edades tempranas.<\/p>\n<p>&nbsp;<\/p>\n","protected":false},"featured_media":456,"template":"","meta":{"site-sidebar-layout":"default","site-content-layout":"","ast-site-content-layout":"default","site-content-style":"default","site-sidebar-style":"default","ast-global-header-display":"","ast-banner-title-visibility":"","ast-main-header-display":"","ast-hfb-above-header-display":"","ast-hfb-below-header-display":"","ast-hfb-mobile-header-display":"","site-post-title":"","ast-breadcrumbs-content":"","ast-featured-img":"","footer-sml-layout":"","theme-transparent-header-meta":"default","adv-header-id-meta":"","stick-header-meta":"","header-above-stick-meta":"","header-main-stick-meta":"","header-below-stick-meta":"","astra-migrate-meta-layouts":"set","ast-page-background-enabled":"default","ast-page-background-meta":{"desktop":{"background-color":"var(--ast-global-color-4)","background-image":"","background-repeat":"repeat","background-position":"center center","background-size":"auto","background-attachment":"scroll","background-type":"","background-media":"","overlay-type":"","overlay-color":"","overlay-opacity":"","overlay-gradient":""},"tablet":{"background-color":"","background-image":"","background-repeat":"repeat","background-position":"center center","background-size":"auto","background-attachment":"scroll","background-type":"","background-media":"","overlay-type":"","overlay-color":"","overlay-opacity":"","overlay-gradient":""},"mobile":{"background-color":"","background-image":"","background-repeat":"repeat","background-position":"center center","background-size":"auto","background-attachment":"scroll","background-type":"","background-media":"","overlay-type":"","overlay-color":"","overlay-opacity":"","overlay-gradient":""}},"ast-content-background-meta":{"desktop":{"background-color":"var(--ast-global-color-5)","background-image":"","background-repeat":"repeat","background-position":"center center","background-size":"auto","background-attachment":"scroll","background-type":"","background-media":"","overlay-type":"","overlay-color":"","overlay-opacity":"","overlay-gradient":""},"tablet":{"background-color":"var(--ast-global-color-5)","background-image":"","background-repeat":"repeat","background-position":"center center","background-size":"auto","background-attachment":"scroll","background-type":"","background-media":"","overlay-type":"","overlay-color":"","overlay-opacity":"","overlay-gradient":""},"mobile":{"background-color":"var(--ast-global-color-5)","background-image":"","background-repeat":"repeat","background-position":"center center","background-size":"auto","background-attachment":"scroll","background-type":"","background-media":"","overlay-type":"","overlay-color":"","overlay-opacity":"","overlay-gradient":""}}},"product_brand":[],"product_cat":[15],"product_tag":[],"class_list":{"0":"post-455","1":"product","2":"type-product","3":"status-publish","4":"has-post-thumbnail","6":"product_cat-sin-categorizar","7":"desktop-align-left","8":"tablet-align-left","9":"mobile-align-left","11":"first","12":"instock","13":"taxable","14":"shipping-taxable","15":"purchasable","16":"product-type-simple"},"_links":{"self":[{"href":"https:\/\/www.urbadep.com\/tienda\/wp-json\/wp\/v2\/product\/455","targetHints":{"allow":["GET"]}}],"collection":[{"href":"https:\/\/www.urbadep.com\/tienda\/wp-json\/wp\/v2\/product"}],"about":[{"href":"https:\/\/www.urbadep.com\/tienda\/wp-json\/wp\/v2\/types\/product"}],"wp:featuredmedia":[{"embeddable":true,"href":"https:\/\/www.urbadep.com\/tienda\/wp-json\/wp\/v2\/media\/456"}],"wp:attachment":[{"href":"https:\/\/www.urbadep.com\/tienda\/wp-json\/wp\/v2\/media?parent=455"}],"wp:term":[{"taxonomy":"product_brand","embeddable":true,"href":"https:\/\/www.urbadep.com\/tienda\/wp-json\/wp\/v2\/product_brand?post=455"},{"taxonomy":"product_cat","embeddable":true,"href":"https:\/\/www.urbadep.com\/tienda\/wp-json\/wp\/v2\/product_cat?post=455"},{"taxonomy":"product_tag","embeddable":true,"href":"https:\/\/www.urbadep.com\/tienda\/wp-json\/wp\/v2\/product_tag?post=455"}],"curies":[{"name":"wp","href":"https:\/\/api.w.org\/{rel}","templated":true}]}}